{"id":2138,"date":"2022-08-10T12:51:30","date_gmt":"2022-08-10T10:51:30","guid":{"rendered":"https:\/\/hartmannatelier.com\/a-propos-de-nous\/"},"modified":"2025-11-24T16:15:18","modified_gmt":"2025-11-24T15:15:18","slug":"a-propos-de-nous","status":"publish","type":"page","link":"https:\/\/hartmannatelier.com\/fr\/a-propos-de-nous\/","title":{"rendered":"\u00c0 propos de nous"},"content":{"rendered":"<p>[et_pb_section fb_built=\u00a0\u00bb1&Prime; _builder_version=\u00a0\u00bb4.17.6&Prime; _module_preset=\u00a0\u00bbdefault\u00a0\u00bb custom_padding=\u00a0\u00bb0px||||false|false\u00a0\u00bb global_colors_info=\u00a0\u00bb{}\u00a0\u00bb][et_pb_row custom_padding_last_edited=\u00a0\u00bbon|phone\u00a0\u00bb _builder_version=\u00a0\u00bb4.17.6&Prime; _module_preset=\u00a0\u00bbdefault\u00a0\u00bb width=\u00a0\u00bb90%\u00a0\u00bb custom_padding_tablet=\u00a0\u00bb||20px||false|false\u00a0\u00bb custom_padding_phone=\u00a0\u00bb||15px||false|false\u00a0\u00bb global_colors_info=\u00a0\u00bb{}\u00a0\u00bb][et_pb_column type=\u00a0\u00bb4_4&Prime; _builder_version=\u00a0\u00bb4.17.6&Prime; _module_preset=\u00a0\u00bbdefault\u00a0\u00bb global_colors_info=\u00a0\u00bb{}\u00a0\u00bb][et_pb_code module_class=\u00a0\u00bbyoast-breadcrumbs-nero\u00a0\u00bb _builder_version=\u00a0\u00bb4.17.6&Prime; _module_preset=\u00a0\u00bbdefault\u00a0\u00bb text_orientation=\u00a0\u00bbcenter\u00a0\u00bb custom_margin=\u00a0\u00bb||20px||false|false\u00a0\u00bb custom_margin_tablet=\u00a0\u00bb||10px||false|false\u00a0\u00bb custom_margin_phone=\u00a0\u00bb||5px||false|false\u00a0\u00bb custom_margin_last_edited=\u00a0\u00bbon|phone\u00a0\u00bb global_colors_info=\u00a0\u00bb{}\u00a0\u00bb]<span><span><a href=\"https:\/\/hartmannatelier.com\/fr\/\">Homepage<\/a><\/span><\/span>[\/et_pb_code][et_pb_text _builder_version=\u00a0\u00bb4.17.6&Prime; _module_preset=\u00a0\u00bbdefault\u00a0\u00bb header_text_align=\u00a0\u00bbcenter\u00a0\u00bb global_colors_info=\u00a0\u00bb{}\u00a0\u00bb]<\/p>\n<div class=\"et-pb-draggable-spacing et-pb-draggable-spacing__spacing et-pb-draggable-spacing__right et-pb-draggable-spacing__margin et-pb-draggable-spacing__inner et-pb-draggable-spacing--draggable-edge et-pb-draggable-spacing--animated\">\n<div class=\"et-pb-draggable-spacing__hint\"><\/div>\n<\/div>\n<div class=\"et-pb-draggable-spacing et-pb-draggable-spacing__spacing et-pb-draggable-spacing__bottom et-pb-draggable-spacing__margin et-pb-draggable-spacing__inner et-pb-draggable-spacing--draggable-edge et-pb-draggable-spacing--animated et-pb-draggable-spacing--no-size\">\n<div class=\"et-pb-draggable-spacing__hint\"><\/div>\n<\/div>\n<div class=\"et-pb-draggable-spacing et-pb-draggable-spacing__spacing et-pb-draggable-spacing__left et-pb-draggable-spacing__margin et-pb-draggable-spacing__inner et-pb-draggable-spacing--draggable-edge et-pb-draggable-spacing--animated\">\n<div class=\"et-pb-draggable-spacing__hint\"><\/div>\n<\/div>\n<div class=\"et-module-0220775d-e3d2-494f-87a4-aa58501d15f8 et_pb_row ui-sortable et_pb_row_2 et-animated--vb et-fb-row--has-short-module et-fb-row--has-short-module--move-right et-fb-small-bottom-padding-row et-first-child et_pb_row_structure-4_4\" data-address=\"1.0\" data-specialty-layout=\"false\">\n<div class=\"et-module-f3e27940-9d55-4261-b42b-6368769aa576 et_pb_column ui-sortable et-animated--vb et_pb_column_4_4 et_pb_column_2 et-first-child et-last-child et_pb_with_border\" data-address=\"1.0.0\">\n<div class=\"et-fb-mousetrap et-fb-mousetrap--column\"><\/div>\n<div class=\"et_fb_editing_enabled et-module-42f6fedb-3590-4611-b842-7c297ed12873 et_pb_text et_pb_module ui-sortable et_pb_text_1 et-animated--vb et_pb_text_align_left et_pb_bg_layout_light et-fb-module--short et_pb_with_border et-first-child et-last-child\" data-address=\"1.0.0.0\" dynamic=\"[object Object]\" matching=\"[object Object]\" parent_slug=\"et_pb_column\" theme_builder_suffix=\"\" wp_editor_suffix=\"\" wrapper_settings=\"[object Object]\" _key=\"42f6fedb-3590-4611-b842-7c297ed12873\">\n<div class=\"et_pb_text_inner\">\n<div data-shortcode-id=\"1.0.0.0-1763997270241\" data-quickaccess-editable=\"yes\" class=\"et-fb-popover-tinymce\">\n<div class=\"mce-content-body\" contenteditable=\"false\">\n<h2><span>QUI SOMMES-NOUS<\/span><\/h2>\n<\/div>\n<\/div>\n<\/div>\n<\/div>\n<\/div>\n<\/div>\n<p>[\/et_pb_text][\/et_pb_column][\/et_pb_row][et_pb_row _builder_version=\u00a0\u00bb4.17.6&Prime; _module_preset=\u00a0\u00bbdefault\u00a0\u00bb background_image=\u00a0\u00bbhttps:\/\/hartmannatelier.com\/wp-content\/uploads\/2022\/08\/hartmann_atelier_chi_siamo.jpg\u00a0\u00bb background_position=\u00a0\u00bbcenter_right\u00a0\u00bb width=\u00a0\u00bb90%\u00a0\u00bb height=\u00a0\u00bb70vh\u00a0\u00bb height_tablet=\u00a0\u00bb40vh\u00a0\u00bb height_phone=\u00a0\u00bb30vh\u00a0\u00bb height_last_edited=\u00a0\u00bbon|phone\u00a0\u00bb global_colors_info=\u00a0\u00bb{}\u00a0\u00bb][et_pb_column type=\u00a0\u00bb4_4&Prime; _builder_version=\u00a0\u00bb4.17.6&Prime; _module_preset=\u00a0\u00bbdefault\u00a0\u00bb global_colors_info=\u00a0\u00bb{}\u00a0\u00bb][\/et_pb_column][\/et_pb_row][\/et_pb_section][et_pb_section fb_built=\u00a0\u00bb1&Prime; _builder_version=\u00a0\u00bb4.17.6&Prime; _module_preset=\u00a0\u00bbdefault\u00a0\u00bb custom_padding=\u00a0\u00bb0px||||false|false\u00a0\u00bb global_colors_info=\u00a0\u00bb{}\u00a0\u00bb][et_pb_row _builder_version=\u00a0\u00bb4.17.6&Prime; _module_preset=\u00a0\u00bbdefault\u00a0\u00bb width=\u00a0\u00bb90%\u00a0\u00bb custom_padding=\u00a0\u00bb0px||0px||false|false\u00a0\u00bb global_colors_info=\u00a0\u00bb{}\u00a0\u00bb][et_pb_column type=\u00a0\u00bb4_4&Prime; _builder_version=\u00a0\u00bb4.17.6&Prime; _module_preset=\u00a0\u00bbdefault\u00a0\u00bb global_colors_info=\u00a0\u00bb{}\u00a0\u00bb][et_pb_text _builder_version=\u00a0\u00bb4.17.6&Prime; _module_preset=\u00a0\u00bbdefault\u00a0\u00bb header_2_text_align=\u00a0\u00bbcenter\u00a0\u00bb custom_padding=\u00a0\u00bb||20px||false|false\u00a0\u00bb border_width_bottom=\u00a0\u00bb1px\u00a0\u00bb border_color_bottom=\u00a0\u00bb#25231E\u00a0\u00bb global_colors_info=\u00a0\u00bb{}\u00a0\u00bb]<\/p>\n<h2>Notre histoire<\/h2>\n<p>[\/et_pb_text][\/et_pb_column][\/et_pb_row][et_pb_row column_structure=\u00a0\u00bb1_2,1_2&Prime; use_custom_gutter=\u00a0\u00bbon\u00a0\u00bb gutter_width=\u00a0\u00bb1&Prime; make_equal=\u00a0\u00bbon\u00a0\u00bb module_class=\u00a0\u00bbcolumn-reverse\u00a0\u00bb _builder_version=\u00a0\u00bb4.17.6&Prime; _module_preset=\u00a0\u00bbdefault\u00a0\u00bb width=\u00a0\u00bb90%\u00a0\u00bb global_colors_info=\u00a0\u00bb{}\u00a0\u00bb][et_pb_column type=\u00a0\u00bb1_2&Prime; _builder_version=\u00a0\u00bb4.17.6&Prime; _module_preset=\u00a0\u00bbdefault\u00a0\u00bb global_colors_info=\u00a0\u00bb{}\u00a0\u00bb][et_pb_image src=\u00a0\u00bbhttps:\/\/hartmannatelier.com\/wp-content\/uploads\/2025\/11\/IMG_5415-scaled.jpg\u00a0\u00bb title_text=\u00a0\u00bbIMG_5415&Prime; _builder_version=\u00a0\u00bb4.27.4&Prime; _module_preset=\u00a0\u00bbdefault\u00a0\u00bb custom_margin_tablet=\u00a0\u00bb30px||||false|false\u00a0\u00bb custom_margin_phone=\u00a0\u00bb30px||||false|false\u00a0\u00bb custom_margin_last_edited=\u00a0\u00bbon|phone\u00a0\u00bb hover_enabled=\u00a0\u00bb0&Prime; global_colors_info=\u00a0\u00bb{}\u00a0\u00bb sticky_enabled=\u00a0\u00bb0&Prime;][\/et_pb_image][\/et_pb_column][et_pb_column type=\u00a0\u00bb1_2&Prime; _builder_version=\u00a0\u00bb4.17.6&Prime; _module_preset=\u00a0\u00bbdefault\u00a0\u00bb custom_padding=\u00a0\u00bb|5%||5%|false|true\u00a0\u00bb custom_padding_tablet=\u00a0\u00bb|0px||0px|false|true\u00a0\u00bb custom_padding_phone=\u00a0\u00bb|0px||0px|false|true\u00a0\u00bb custom_padding_last_edited=\u00a0\u00bbon|phone\u00a0\u00bb custom_css_main_element=\u00a0\u00bbdisplay: flex; ||flex-direction: column; ||justify-content: center;\u00a0\u00bb global_colors_info=\u00a0\u00bb{}\u00a0\u00bb][et_pb_text _builder_version=\u00a0\u00bb4.27.4&Prime; _module_preset=\u00a0\u00bbdefault\u00a0\u00bb text_text_color=\u00a0\u00bb#25231E\u00a0\u00bb custom_margin=\u00a0\u00bb||20px||false|false\u00a0\u00bb hover_enabled=\u00a0\u00bb0&Prime; global_colors_info=\u00a0\u00bb{}\u00a0\u00bb sticky_enabled=\u00a0\u00bb0&Prime;]<\/p>\n<p><strong>Hartmann Interior Atelier est n\u00e9 d\u2019une vision : donner \u00e0 la maison la valeur qu\u2019elle m\u00e9rite<\/strong><\/p>\n<p>[\/et_pb_text][et_pb_text _builder_version=\u00a0\u00bb4.17.6&Prime; _module_preset=\u00a0\u00bbdefault\u00a0\u00bb text_text_color=\u00a0\u00bb#25231E\u00a0\u00bb custom_margin=\u00a0\u00bb30px||50px||false|false\u00a0\u00bb custom_margin_tablet=\u00a0\u00bb10px||30px||false|false\u00a0\u00bb custom_margin_phone=\u00a0\u00bb0px||||false|false\u00a0\u00bb custom_margin_last_edited=\u00a0\u00bbon|phone\u00a0\u00bb global_colors_info=\u00a0\u00bb{}\u00a0\u00bb]<\/p>\n<p><span>Concevoir un espace ne signifie pas simplement choisir des mat\u00e9riaux et du mobilier, mais cr\u00e9er des lieux o\u00f9 l\u2019on peut vivre, se reconna\u00eetre et se sentir bien.<\/span><\/p>\n<p><span>\u00c0 partir de cette conviction, Danilo Hartmann, guid\u00e9 par sa vision et par une longue exp\u00e9rience dans le secteur, a imagin\u00e9 un lieu d\u00e9di\u00e9 \u00e0 la conception sur mesure : un atelier o\u00f9 le client peut \u00eatre \u00e9cout\u00e9, accompagn\u00e9 et suivi avec attention \u00e0 chaque \u00e9tape.<\/span><\/p>\n<p><span><\/span><\/p>\n<p><span><\/span><\/p>\n<p><span><\/span><\/p>\n<p><span><\/span><\/p>\n<p>[\/et_pb_text][et_pb_text _builder_version=\u00a0\u00bb4.17.6&Prime; _module_preset=\u00a0\u00bbdefault\u00a0\u00bb text_text_color=\u00a0\u00bb#25231E\u00a0\u00bb global_colors_info=\u00a0\u00bb{}\u00a0\u00bb][\/et_pb_text][\/et_pb_column][\/et_pb_row][et_pb_row column_structure=\u00a0\u00bb1_2,1_2&Prime; use_custom_gutter=\u00a0\u00bbon\u00a0\u00bb gutter_width=\u00a0\u00bb1&Prime; make_equal=\u00a0\u00bbon\u00a0\u00bb _builder_version=\u00a0\u00bb4.17.6&Prime; _module_preset=\u00a0\u00bbdefault\u00a0\u00bb width=\u00a0\u00bb90%\u00a0\u00bb global_colors_info=\u00a0\u00bb{}\u00a0\u00bb][et_pb_column type=\u00a0\u00bb1_2&Prime; _builder_version=\u00a0\u00bb4.17.6&Prime; _module_preset=\u00a0\u00bbdefault\u00a0\u00bb custom_padding=\u00a0\u00bb|5%||5%|false|true\u00a0\u00bb custom_padding_tablet=\u00a0\u00bb|0px||0px|false|true\u00a0\u00bb custom_padding_phone=\u00a0\u00bb|0px||0px|false|true\u00a0\u00bb custom_padding_last_edited=\u00a0\u00bbon|phone\u00a0\u00bb custom_css_main_element=\u00a0\u00bbdisplay: flex; ||flex-direction: column; ||justify-content: center;\u00a0\u00bb global_colors_info=\u00a0\u00bb{}\u00a0\u00bb][et_pb_text _builder_version=\u00a0\u00bb4.27.4&Prime; _module_preset=\u00a0\u00bbdefault\u00a0\u00bb text_text_color=\u00a0\u00bb#25231E\u00a0\u00bb custom_margin=\u00a0\u00bb||20px||false|false\u00a0\u00bb hover_enabled=\u00a0\u00bb0&Prime; global_colors_info=\u00a0\u00bb{}\u00a0\u00bb sticky_enabled=\u00a0\u00bb0&Prime;]<\/p>\n<p>Derri\u00e8re Hartmann Interior Atelier se trouve <a href=\"https:\/\/www.fir-service.com\">FIR srl,<\/a> une entreprise familiale forte de plus de cinquante ans d\u2019exp\u00e9rience dans le domaine de la thermohydraulique. Une r\u00e9alit\u00e9 solide et comp\u00e9tente, qui constitue notre base technique et commerciale et qui nous permet de garantir fiabilit\u00e9, continuit\u00e9 et conditions d\u2019achat avantageuses.<br data-start=\"1158\" data-end=\"1161\" \/>Un lien important, coh\u00e9rent avec notre histoire, mais distinct dans son langage et son approche.<\/p>\n<p>[\/et_pb_text][et_pb_text _builder_version=\u00a0\u00bb4.27.4&Prime; _module_preset=\u00a0\u00bbdefault\u00a0\u00bb text_text_color=\u00a0\u00bb#25231E\u00a0\u00bb custom_margin=\u00a0\u00bb30px||50px||false|false\u00a0\u00bb custom_margin_tablet=\u00a0\u00bb10px||30px||false|false\u00a0\u00bb custom_margin_phone=\u00a0\u00bb0px||||false|false\u00a0\u00bb custom_margin_last_edited=\u00a0\u00bbon|phone\u00a0\u00bb hover_enabled=\u00a0\u00bb0&Prime; global_colors_info=\u00a0\u00bb{}\u00a0\u00bb sticky_enabled=\u00a0\u00bb0&Prime;]<\/p>\n<p data-start=\"1259\" data-end=\"1413\">Hartmann Interior Atelier est n\u00e9 pr\u00e9cis\u00e9ment du besoin d\u2019offrir un espace diff\u00e9rent, enti\u00e8rement d\u00e9di\u00e9 au soin esth\u00e9tique et \u00e0 la conception d\u2019int\u00e9rieurs.<\/p>\n<h4 data-start=\"1415\" data-end=\"1594\"><strong data-start=\"1419\" data-end=\"1592\">Ici, chaque projet prend forme gr\u00e2ce \u00e0 un rendez-vous personnalis\u00e9, un dialogue approfondi et un parcours sur mesure qui accompagne le client de l\u2019id\u00e9e \u00e0 la r\u00e9alisation.<\/strong><\/h4>\n<p data-start=\"1610\" data-end=\"1797\">Nous sommes une petite \u00e9quipe, mais tr\u00e8s soud\u00e9e, et c\u2019est justement cette dimension qui nous permet de suivre chaque projet de mani\u00e8re directe, pr\u00e9sente et attentive, sans interm\u00e9diaires.<\/p>\n<p>[\/et_pb_text][\/et_pb_column][et_pb_column type=\u00a0\u00bb1_2&Prime; _builder_version=\u00a0\u00bb4.17.6&Prime; _module_preset=\u00a0\u00bbdefault\u00a0\u00bb global_colors_info=\u00a0\u00bb{}\u00a0\u00bb][et_pb_image src=\u00a0\u00bbhttps:\/\/hartmannatelier.com\/wp-content\/uploads\/2022\/08\/hartmann_atelier_storia_progettazione.jpg\u00a0\u00bb title_text=\u00a0\u00bbhartmann_atelier_storia_progettazione\u00a0\u00bb _builder_version=\u00a0\u00bb4.17.6&Prime; _module_preset=\u00a0\u00bbdefault\u00a0\u00bb custom_margin_tablet=\u00a0\u00bb30px||||false|false\u00a0\u00bb custom_margin_phone=\u00a0\u00bb30px||||false|false\u00a0\u00bb custom_margin_last_edited=\u00a0\u00bbon|phone\u00a0\u00bb global_colors_info=\u00a0\u00bb{}\u00a0\u00bb][\/et_pb_image][\/et_pb_column][\/et_pb_row][\/et_pb_section]<\/p>\n","protected":false},"excerpt":{"rendered":"<p><span><span><a href=\"https:\/\/hartmannatelier.com\/fr\/\">Homepage<\/a><\/span><\/span> QUI SOMMES-NOUS Notre histoireHartmann Interior Atelier est n\u00e9 d\u2019une vision : donner \u00e0 la maison la valeur qu\u2019elle m\u00e9riteConcevoir un espace ne signifie pas simplement choisir des mat\u00e9riaux et du mobilier, mais cr\u00e9er des lieux o\u00f9 l\u2019on peut vivre, se reconna\u00eetre et se sentir bien. \u00c0 partir de cette conviction, Danilo Hartmann, guid\u00e9 par [&hellip;]<\/p>\n","protected":false},"author":1,"featured_media":0,"parent":0,"menu_order":0,"comment_status":"closed","ping_status":"closed","template":"","meta":{"_et_pb_use_builder":"on","_et_pb_old_content":"","_et_gb_content_width":"","content-type":"","inline_featured_image":false,"footnotes":""},"class_list":["post-2138","page","type-page","status-publish","hentry"],"yoast_head":"<!-- This site is optimized with the Yoast SEO plugin v27.5 - https:\/\/yoast.com\/product\/yoast-seo-wordpress\/ -->\n<title>\u00c0 propos de nous | Hartmann<\/title>\n<meta name=\"description\" content=\"Nous sommes un atelier de meubles hautement sp\u00e9cialis\u00e9\" \/>\n<meta name=\"robots\" content=\"index, follow, max-snippet:-1, max-image-preview:large, max-video-preview:-1\" \/>\n<link rel=\"canonical\" href=\"https:\/\/hartmannatelier.com\/fr\/a-propos-de-nous\/\" \/>\n<meta property=\"og:locale\" content=\"fr_FR\" \/>\n<meta property=\"og:type\" content=\"article\" \/>\n<meta property=\"og:title\" content=\"\u00c0 propos de nous | Hartmann\" \/>\n<meta property=\"og:description\" content=\"Nous sommes un atelier de meubles hautement sp\u00e9cialis\u00e9\" \/>\n<meta property=\"og:url\" content=\"https:\/\/hartmannatelier.com\/fr\/a-propos-de-nous\/\" \/>\n<meta property=\"og:site_name\" content=\"Hartmann Atelier\" \/>\n<meta property=\"article:modified_time\" content=\"2025-11-24T15:15:18+00:00\" \/>\n<meta name=\"twitter:card\" content=\"summary_large_image\" \/>\n<meta name=\"twitter:label1\" content=\"Dur\u00e9e de lecture estim\u00e9e\" \/>\n\t<meta name=\"twitter:data1\" content=\"2 minutes\" \/>\n<script type=\"application\/ld+json\" class=\"yoast-schema-graph\">{\"@context\":\"https:\\\/\\\/schema.org\",\"@graph\":[{\"@type\":\"WebPage\",\"@id\":\"https:\\\/\\\/hartmannatelier.com\\\/fr\\\/a-propos-de-nous\\\/\",\"url\":\"https:\\\/\\\/hartmannatelier.com\\\/fr\\\/a-propos-de-nous\\\/\",\"name\":\"\u00c0 propos de nous | Hartmann\",\"isPartOf\":{\"@id\":\"https:\\\/\\\/hartmannatelier.com\\\/fr\\\/#website\"},\"datePublished\":\"2022-08-10T10:51:30+00:00\",\"dateModified\":\"2025-11-24T15:15:18+00:00\",\"description\":\"Nous sommes un atelier de meubles hautement sp\u00e9cialis\u00e9\",\"breadcrumb\":{\"@id\":\"https:\\\/\\\/hartmannatelier.com\\\/fr\\\/a-propos-de-nous\\\/#breadcrumb\"},\"inLanguage\":\"fr-FR\",\"potentialAction\":[{\"@type\":\"ReadAction\",\"target\":[\"https:\\\/\\\/hartmannatelier.com\\\/fr\\\/a-propos-de-nous\\\/\"]}]},{\"@type\":\"BreadcrumbList\",\"@id\":\"https:\\\/\\\/hartmannatelier.com\\\/fr\\\/a-propos-de-nous\\\/#breadcrumb\",\"itemListElement\":[{\"@type\":\"ListItem\",\"position\":1,\"name\":\"Homepage\",\"item\":\"https:\\\/\\\/hartmannatelier.com\\\/fr\\\/\"},{\"@type\":\"ListItem\",\"position\":2,\"name\":\"\u00c0 propos de nous\"}]},{\"@type\":\"WebSite\",\"@id\":\"https:\\\/\\\/hartmannatelier.com\\\/fr\\\/#website\",\"url\":\"https:\\\/\\\/hartmannatelier.com\\\/fr\\\/\",\"name\":\"Hartmann Atelier\",\"description\":\"\",\"potentialAction\":[{\"@type\":\"SearchAction\",\"target\":{\"@type\":\"EntryPoint\",\"urlTemplate\":\"https:\\\/\\\/hartmannatelier.com\\\/fr\\\/?s={search_term_string}\"},\"query-input\":{\"@type\":\"PropertyValueSpecification\",\"valueRequired\":true,\"valueName\":\"search_term_string\"}}],\"inLanguage\":\"fr-FR\"}]}<\/script>\n<!-- \/ Yoast SEO plugin. -->","yoast_head_json":{"title":"\u00c0 propos de nous | Hartmann","description":"Nous sommes un atelier de meubles hautement sp\u00e9cialis\u00e9","robots":{"index":"index","follow":"follow","max-snippet":"max-snippet:-1","max-image-preview":"max-image-preview:large","max-video-preview":"max-video-preview:-1"},"canonical":"https:\/\/hartmannatelier.com\/fr\/a-propos-de-nous\/","og_locale":"fr_FR","og_type":"article","og_title":"\u00c0 propos de nous | Hartmann","og_description":"Nous sommes un atelier de meubles hautement sp\u00e9cialis\u00e9","og_url":"https:\/\/hartmannatelier.com\/fr\/a-propos-de-nous\/","og_site_name":"Hartmann Atelier","article_modified_time":"2025-11-24T15:15:18+00:00","twitter_card":"summary_large_image","twitter_misc":{"Dur\u00e9e de lecture estim\u00e9e":"2 minutes"},"schema":{"@context":"https:\/\/schema.org","@graph":[{"@type":"WebPage","@id":"https:\/\/hartmannatelier.com\/fr\/a-propos-de-nous\/","url":"https:\/\/hartmannatelier.com\/fr\/a-propos-de-nous\/","name":"\u00c0 propos de nous | Hartmann","isPartOf":{"@id":"https:\/\/hartmannatelier.com\/fr\/#website"},"datePublished":"2022-08-10T10:51:30+00:00","dateModified":"2025-11-24T15:15:18+00:00","description":"Nous sommes un atelier de meubles hautement sp\u00e9cialis\u00e9","breadcrumb":{"@id":"https:\/\/hartmannatelier.com\/fr\/a-propos-de-nous\/#breadcrumb"},"inLanguage":"fr-FR","potentialAction":[{"@type":"ReadAction","target":["https:\/\/hartmannatelier.com\/fr\/a-propos-de-nous\/"]}]},{"@type":"BreadcrumbList","@id":"https:\/\/hartmannatelier.com\/fr\/a-propos-de-nous\/#breadcrumb","itemListElement":[{"@type":"ListItem","position":1,"name":"Homepage","item":"https:\/\/hartmannatelier.com\/fr\/"},{"@type":"ListItem","position":2,"name":"\u00c0 propos de nous"}]},{"@type":"WebSite","@id":"https:\/\/hartmannatelier.com\/fr\/#website","url":"https:\/\/hartmannatelier.com\/fr\/","name":"Hartmann Atelier","description":"","potentialAction":[{"@type":"SearchAction","target":{"@type":"EntryPoint","urlTemplate":"https:\/\/hartmannatelier.com\/fr\/?s={search_term_string}"},"query-input":{"@type":"PropertyValueSpecification","valueRequired":true,"valueName":"search_term_string"}}],"inLanguage":"fr-FR"}]}},"_links":{"self":[{"href":"https:\/\/hartmannatelier.com\/fr\/wp-json\/wp\/v2\/pages\/2138","targetHints":{"allow":["GET"]}}],"collection":[{"href":"https:\/\/hartmannatelier.com\/fr\/wp-json\/wp\/v2\/pages"}],"about":[{"href":"https:\/\/hartmannatelier.com\/fr\/wp-json\/wp\/v2\/types\/page"}],"author":[{"embeddable":true,"href":"https:\/\/hartmannatelier.com\/fr\/wp-json\/wp\/v2\/users\/1"}],"replies":[{"embeddable":true,"href":"https:\/\/hartmannatelier.com\/fr\/wp-json\/wp\/v2\/comments?post=2138"}],"version-history":[{"count":17,"href":"https:\/\/hartmannatelier.com\/fr\/wp-json\/wp\/v2\/pages\/2138\/revisions"}],"predecessor-version":[{"id":3962,"href":"https:\/\/hartmannatelier.com\/fr\/wp-json\/wp\/v2\/pages\/2138\/revisions\/3962"}],"wp:attachment":[{"href":"https:\/\/hartmannatelier.com\/fr\/wp-json\/wp\/v2\/media?parent=2138"}],"curies":[{"name":"wp","href":"https:\/\/api.w.org\/{rel}","templated":true}]}}